{"id":3061,"date":"2026-01-20T12:30:37","date_gmt":"2026-01-20T11:30:37","guid":{"rendered":"https:\/\/bjerringbroip.dk\/?page_id=3061"},"modified":"2026-02-27T07:53:28","modified_gmt":"2026-02-27T06:53:28","slug":"boernefoedselsdag","status":"publish","type":"page","link":"https:\/\/bjerringbroip.dk\/en\/boernefoedselsdag\/","title":{"rendered":"Children\u2019s birthday parties"},"content":{"rendered":"<div data-elementor-type=\"wp-page\" data-elementor-id=\"3061\" class=\"elementor elementor-3061\" data-elementor-post-type=\"page\">\n\t\t\t\t<div class=\"elementor-element elementor-element-426f2ba6 e-flex e-con-boxed e-con e-parent\" data-id=\"426f2ba6\" data-element_type=\"container\" data-e-type=\"container\" data-settings=\"{&quot;background_background&quot;:&quot;classic&quot;}\">\n\t\t\t\t\t<div class=\"e-con-inner\">\n\t\t<div class=\"elementor-element elementor-element-6a376b96 e-grid e-con-boxed e-con e-child\" data-id=\"6a376b96\" data-element_type=\"container\" data-e-type=\"container\">\n\t\t\t\t\t<div class=\"e-con-inner\">\n\t\t<div class=\"elementor-element elementor-element-2948e6f5 e-con-full e-flex e-con e-child\" data-id=\"2948e6f5\" data-element_type=\"container\" data-e-type=\"container\">\n\t\t<div class=\"elementor-element elementor-element-280af5ff e-con-full e-flex e-con e-child\" data-id=\"280af5ff\" data-element_type=\"container\" data-e-type=\"container\">\n\t\t\t\t<div class=\"elementor-element elementor-element-242e2aa elementor-widget elementor-widget-spacer\" data-id=\"242e2aa\" data-element_type=\"widget\" data-e-type=\"widget\" data-widget_type=\"spacer.default\">\n\t\t\t\t<div class=\"elementor-widget-container\">\n\t\t\t\t\t\t\t<div class=\"elementor-spacer\">\n\t\t\t<div class=\"elementor-spacer-inner\"><\/div>\n\t\t<\/div>\n\t\t\t\t\t\t<\/div>\n\t\t\t\t<\/div>\n\t\t\t\t<div class=\"elementor-element elementor-element-2fedce64 elementor-widget elementor-widget-heading\" data-id=\"2fedce64\" data-element_type=\"widget\" data-e-type=\"widget\" data-widget_type=\"heading.default\">\n\t\t\t\t<div class=\"elementor-widget-container\">\n\t\t\t\t\t<h1 class=\"elementor-heading-title elementor-size-default\">Hold a children&#039;s birthday party at the swimming pool or multi-purpose hall in Bjerringbro.<\/h1>\t\t\t\t<\/div>\n\t\t\t\t<\/div>\n\t\t\t\t<div class=\"elementor-element elementor-element-5f38c67a elementor-widget elementor-widget-text-editor\" data-id=\"5f38c67a\" data-element_type=\"widget\" data-e-type=\"widget\" data-widget_type=\"text-editor.default\">\n\t\t\t\t<div class=\"elementor-widget-container\">\n\t\t\t\t\t\t\t\t\t<p data-start=\"126\" data-end=\"359\">Make your child&#039;s birthday extra fun with plenty of space for play, laughter and great experiences!<br data-start=\"213\" data-end=\"216\" \/>At Bjerringbro Sports &amp; Culture Center you can choose between playing in the hall or a trip to the swimming pool \u2013 perfect for children with lots of energy.<\/p><p data-start=\"366\" data-end=\"404\"><strong data-start=\"366\" data-end=\"402\">The birthday offer includes:<\/strong><\/p><p data-start=\"411\" data-end=\"457\">Optional activity: the hall or the swimming pool<\/p><p data-start=\"464\" data-end=\"520\">Delicious food from the caf\u00e9, served after play and activity<\/p><p data-start=\"527\" data-end=\"555\"><strong data-start=\"527\" data-end=\"553\">Choose between two menus:<\/strong><\/p><p data-start=\"562\" data-end=\"599\">Build-your-own burger with fries and juice<\/p><p data-start=\"606\" data-end=\"651\">Build-your-own chicken burger with fries and juice<\/p><p data-start=\"658\" data-end=\"758\"><strong data-start=\"658\" data-end=\"667\">Price:<\/strong> 125 DKK per person<br data-start=\"686\" data-end=\"689\" \/>Including hall rental or entrance fee to the swimming pool<br data-start=\"733\" data-end=\"736\" \/>(Min. 10 people)<\/p><p data-start=\"765\" data-end=\"792\"><strong data-start=\"765\" data-end=\"790\">Put the finishing touch<\/strong><\/p><p data-start=\"799\" data-end=\"840\">Add a cake man for only DKK 25 per person<\/p><hr data-start=\"888\" data-end=\"891\" \/><p data-start=\"893\" data-end=\"977\">\ud83d\udcde <strong data-start=\"896\" data-end=\"928\">Call and book or hear more:<\/strong> 87 50 35 30<br data-start=\"940\" data-end=\"943\" \/>\u2709\ufe0f <strong data-start=\"946\" data-end=\"955\">Email:<\/strong> <a class=\"decorated-link cursor-pointer\" href=\"mailto:post@bjerringbroip.dk\" rel=\"noopener\" data-start=\"956\" data-end=\"977\">post@bjerringbroip.dk<\/a><\/p>\t\t\t\t\t\t\t\t<\/div>\n\t\t\t\t<\/div>\n\t\t\t\t<div class=\"elementor-element elementor-element-1c8c65ef elementor-widget elementor-widget-spacer\" data-id=\"1c8c65ef\" data-element_type=\"widget\" data-e-type=\"widget\" data-widget_type=\"spacer.default\">\n\t\t\t\t<div class=\"elementor-widget-container\">\n\t\t\t\t\t\t\t<div class=\"elementor-spacer\">\n\t\t\t<div class=\"elementor-spacer-inner\"><\/div>\n\t\t<\/div>\n\t\t\t\t\t\t<\/div>\n\t\t\t\t<\/div>\n\t\t\t\t<\/div>\n\t\t\t\t<\/div>\n\t\t\t\t<div class=\"elementor-element elementor-element-55148bb8 elementor-widget elementor-widget-image\" data-id=\"55148bb8\" data-element_type=\"widget\" data-e-type=\"widget\" data-widget_type=\"image.default\">\n\t\t\t\t<div class=\"elementor-widget-container\">\n\t\t\t\t\t\t\t\t\t\t\t\t\t\t\t<img decoding=\"async\" src=\"https:\/\/i0.wp.com\/bjerringbroip.dk\/wp-content\/uploads\/2025\/11\/Boernefoedsesldag-i-Bjerringbro.webp?fit=450%2C450&#038;ssl=1\" title=\"Children&#039;s birthday party in Bjerringbro\" alt=\"B\u00f8rnef\u00f8dselsdag i Bjerringbro Idr\u00e6ts- &amp; Kulturcenter\" loading=\"lazy\" \/>\t\t\t\t\t\t\t\t\t\t\t\t\t\t\t<\/div>\n\t\t\t\t<\/div>\n\t\t\t\t\t<\/div>\n\t\t\t\t<\/div>\n\t\t\t\t\t<\/div>\n\t\t\t\t<\/div>\n\t\t\t\t<\/div>","protected":false},"excerpt":{"rendered":"<p>Hold b\u00f8rnef\u00f8dselsdag i sv\u00f8mmehallen eller i multihallen i Bjerringbro G\u00f8r b\u00f8rnef\u00f8dselsdagen ekstra sjov med masser af plads til leg, grin og gode oplevelser!Hos Bjerringbro Idr\u00e6ts- &amp; Kulturcenter kan I v\u00e6lge mellem leg i hallen eller en tur i sv\u00f8mmehallen \u2013 perfekt til b\u00f8rn med masser af energi. F\u00f8dselsdagstilbuddet inkluderer: Valgfri aktivitet: hallen eller sv\u00f8mmehallen L\u00e6kker [&hellip;]<\/p>\n","protected":false},"author":267387165,"featured_media":0,"parent":0,"menu_order":0,"comment_status":"closed","ping_status":"closed","template":"elementor_header_footer","meta":{"_crdt_document":"","advanced_seo_description":"","jetpack_seo_html_title":"","jetpack_seo_noindex":false,"footnotes":""},"class_list":["post-3061","page","type-page","status-publish","hentry"],"jetpack_likes_enabled":true,"jetpack_sharing_enabled":true,"jetpack_shortlink":"https:\/\/wp.me\/PgBMin-Nn","jetpack-related-posts":[{"id":1165,"url":"https:\/\/bjerringbroip.dk\/en\/arrangementer-i-svoemmehal-sauna-spa\/","url_meta":{"origin":3061,"position":0},"title":"Arrangementer i sv\u00f8mmehal, sauna &#038; spa","author":"Annekathrine","date":"November 5, 2025","format":false,"excerpt":"Arrangementer i sv\u00f8mmehal, sauna & spa Vi afholder l\u00f8bende stemningsfulde arrangementer i sv\u00f8mmehal, sauna og spa.Oplev alt fra afslappende kurbadsaftener og saunagus med show til sjove b\u00f8rnef\u00f8dselsdage i sv\u00f8mmehallen - der er noget for b\u00e5de store og sm\u00e5. Kurbadsaften Torsdag d. 21. maj 2026 kl. 19.00\u201321.30Sted: Sauna & Spa, Bjerringbro\u2026","rel":"","context":"Similar post","block_context":{"text":"Similar post","link":""},"img":{"alt_text":"B\u00f8rnef\u00f8dselsdag i Bjerringbro Idr\u00e6ts- & Kulturcenter","src":"https:\/\/i0.wp.com\/bjerringbroip.dk\/wp-content\/uploads\/2025\/11\/Boernefoedsesldag-i-Bjerringbro.webp?resize=350%2C200&ssl=1","width":350,"height":200,"srcset":"https:\/\/i0.wp.com\/bjerringbroip.dk\/wp-content\/uploads\/2025\/11\/Boernefoedsesldag-i-Bjerringbro.webp?resize=350%2C200&ssl=1 1x, https:\/\/i0.wp.com\/bjerringbroip.dk\/wp-content\/uploads\/2025\/11\/Boernefoedsesldag-i-Bjerringbro.webp?resize=525%2C300&ssl=1 1.5x, https:\/\/i0.wp.com\/bjerringbroip.dk\/wp-content\/uploads\/2025\/11\/Boernefoedsesldag-i-Bjerringbro.webp?resize=700%2C400&ssl=1 2x"},"classes":[]},{"id":6154,"url":"https:\/\/bjerringbroip.dk\/en\/boernedage-event\/","url_meta":{"origin":3061,"position":1},"title":"B\u00f8rnedage &#8211; event","author":"Annekathrine","date":"March 11, 2026","format":false,"excerpt":"B\u00d8RNEDAGE MED MASSER AF SJOVE AKTIVITETETER I b\u00e5de vinterferien og efter\u00e5rsferien plejer vi at \u00e5bne d\u00f8rene til vores popul\u00e6re og helt gratis b\u00f8rnedage i Bjerringbro Idr\u00e6ts- & Kulturcenter. Her fyldes huset med glade b\u00f8rn, nysgerrige familier og masser af sjove aktiviteter.Hver b\u00f8rnedag byder p\u00e5 nye oplevelser \u2013 det kan v\u00e6re\u2026","rel":"","context":"Similar post","block_context":{"text":"Similar post","link":""},"img":{"alt_text":"Familier hygger sig med musik og aktiviteter til b\u00f8rnedag i Bjerringbro Idr\u00e6ts- & Kulturcenter","src":"https:\/\/i0.wp.com\/bjerringbroip.dk\/wp-content\/uploads\/2026\/03\/2-3.jpg?resize=350%2C200&ssl=1","width":350,"height":200,"srcset":"https:\/\/i0.wp.com\/bjerringbroip.dk\/wp-content\/uploads\/2026\/03\/2-3.jpg?resize=350%2C200&ssl=1 1x, https:\/\/i0.wp.com\/bjerringbroip.dk\/wp-content\/uploads\/2026\/03\/2-3.jpg?resize=525%2C300&ssl=1 1.5x, https:\/\/i0.wp.com\/bjerringbroip.dk\/wp-content\/uploads\/2026\/03\/2-3.jpg?resize=700%2C400&ssl=1 2x"},"classes":[]},{"id":582,"url":"https:\/\/bjerringbroip.dk\/en\/elementor-582\/","url_meta":{"origin":3061,"position":2},"title":"Sv\u00f8mmehal, sauna &#038; spa &#8211; overordnet side","author":"Annekathrine","date":"June 23, 2025","format":false,"excerpt":"Sv\u00f8m, slap af og tr\u00e6n i vores sv\u00f8mmehal, sauna & spa i Bjerringbro Velkommen til vores moderne sv\u00f8mmefaciliteter, hvor sundhed og afslapning m\u00f8des.Vores 25-meter bassin er ideelt til banesv\u00f8mning og byder p\u00e5 udspringsvipper for dem, der s\u00f8ger en ekstra udfordring. \u00d8nsker du afslapning, tilbyder vores varmvandsbassin behagelig komfort, mens b\u00f8rnebassinet\u2026","rel":"","context":"Similar post","block_context":{"text":"Similar post","link":""},"img":{"alt_text":"","src":"","width":0,"height":0},"classes":[]},{"id":2278,"url":"https:\/\/bjerringbroip.dk\/en\/traeningslejr\/","url_meta":{"origin":3061,"position":3},"title":"Training camp","author":"Annekathrine","date":"December 9, 2025","format":false,"excerpt":"TR\u00c6NINGSLEJR MED OVERNATNING, FACILITETER OG FORPLEJNING - SAMLET ET STED Slip for koordinering. Hos os f\u00e5r I hal, hytter, mad og restitution \u2013 klar til brug F\u00e5 et tilbud p\u00e5 jeres tr\u00e6ningslejr Tag p\u00e5 tr\u00e6ningslejr i hjertet af MidtJylland \u2013 alt samlet \u00e9t sted Bjerringbro Idr\u00e6ts- & Kulturcenter er det\u2026","rel":"","context":"Similar post","block_context":{"text":"Similar post","link":""},"img":{"alt_text":"","src":"https:\/\/i0.wp.com\/bjerringbroip.dk\/wp-content\/uploads\/2026\/03\/Hjemmeside-format-8.jpg?resize=350%2C200&ssl=1","width":350,"height":200,"srcset":"https:\/\/i0.wp.com\/bjerringbroip.dk\/wp-content\/uploads\/2026\/03\/Hjemmeside-format-8.jpg?resize=350%2C200&ssl=1 1x, https:\/\/i0.wp.com\/bjerringbroip.dk\/wp-content\/uploads\/2026\/03\/Hjemmeside-format-8.jpg?resize=525%2C300&ssl=1 1.5x, https:\/\/i0.wp.com\/bjerringbroip.dk\/wp-content\/uploads\/2026\/03\/Hjemmeside-format-8.jpg?resize=700%2C400&ssl=1 2x"},"classes":[]},{"id":1249,"url":"https:\/\/bjerringbroip.dk\/en\/babysvoemning\/","url_meta":{"origin":3061,"position":4},"title":"Baby Swimming","author":"Annekathrine","date":"November 6, 2025","format":false,"excerpt":"BABYSV\u00d8MNING I BJERRINGBRO Giv dit barn en tryg og sjov start i vandet med vores popul\u00e6re babysv\u00f8mningshold. Vi tilbyder hold for b\u00e5de nybegyndere og \u00f8vede, hvor n\u00e6rv\u00e6r, leg og vandgl\u00e6de er i fokus. Tr\u00e6ningen styrker b\u00e5de motorik og relationen mellem barn og for\u00e6lder i rolige rammer. BABYSV\u00d8MNING - BEGYNDERHOLD FRA\u2026","rel":"","context":"Similar post","block_context":{"text":"Similar post","link":""},"img":{"alt_text":"Baby under vand under babysv\u00f8mning \u2013 viser tryghed og fortrolighed med vand.","src":"https:\/\/i0.wp.com\/bjerringbroip.dk\/wp-content\/uploads\/2025\/11\/Babysvoemning-oevede.webp?resize=350%2C200&ssl=1","width":350,"height":200,"srcset":"https:\/\/i0.wp.com\/bjerringbroip.dk\/wp-content\/uploads\/2025\/11\/Babysvoemning-oevede.webp?resize=350%2C200&ssl=1 1x, https:\/\/i0.wp.com\/bjerringbroip.dk\/wp-content\/uploads\/2025\/11\/Babysvoemning-oevede.webp?resize=525%2C300&ssl=1 1.5x, https:\/\/i0.wp.com\/bjerringbroip.dk\/wp-content\/uploads\/2025\/11\/Babysvoemning-oevede.webp?resize=700%2C400&ssl=1 2x"},"classes":[]},{"id":3392,"url":"https:\/\/bjerringbroip.dk\/en\/om-centeret\/","url_meta":{"origin":3061,"position":5},"title":"About the centre","author":"Annekathrine","date":"January 23, 2026","format":false,"excerpt":"BJERRINGBRO IDR\u00c6TS- & KULTURCENTER - FOR HELE FAMILIEN Et levende samlingspunkt for sport, kultur og f\u00e6llesskab Bjerringbro Idr\u00e6ts- & Kulturcenter er meget mere end blot et idr\u00e6tsanl\u00e6g \u2013 det er et levende og alsidigt m\u00f8dested, hvor sport, fritid, velv\u00e6re og kulturoplevelser g\u00e5r h\u00e5nd i h\u00e5nd. Med et bredt udvalg af\u2026","rel":"","context":"Similar post","block_context":{"text":"Similar post","link":""},"img":{"alt_text":"","src":"https:\/\/i0.wp.com\/bjerringbroip.dk\/wp-content\/uploads\/2026\/01\/Kopi-af-glaedelig-jul-6.webp?resize=350%2C200&ssl=1","width":350,"height":200,"srcset":"https:\/\/i0.wp.com\/bjerringbroip.dk\/wp-content\/uploads\/2026\/01\/Kopi-af-glaedelig-jul-6.webp?resize=350%2C200&ssl=1 1x, https:\/\/i0.wp.com\/bjerringbroip.dk\/wp-content\/uploads\/2026\/01\/Kopi-af-glaedelig-jul-6.webp?resize=525%2C300&ssl=1 1.5x, https:\/\/i0.wp.com\/bjerringbroip.dk\/wp-content\/uploads\/2026\/01\/Kopi-af-glaedelig-jul-6.webp?resize=700%2C400&ssl=1 2x"},"classes":[]}],"_links":{"self":[{"href":"https:\/\/bjerringbroip.dk\/en\/wp-json\/wp\/v2\/pages\/3061","targetHints":{"allow":["GET"]}}],"collection":[{"href":"https:\/\/bjerringbroip.dk\/en\/wp-json\/wp\/v2\/pages"}],"about":[{"href":"https:\/\/bjerringbroip.dk\/en\/wp-json\/wp\/v2\/types\/page"}],"author":[{"embeddable":true,"href":"https:\/\/bjerringbroip.dk\/en\/wp-json\/wp\/v2\/users\/267387165"}],"replies":[{"embeddable":true,"href":"https:\/\/bjerringbroip.dk\/en\/wp-json\/wp\/v2\/comments?post=3061"}],"version-history":[{"count":41,"href":"https:\/\/bjerringbroip.dk\/en\/wp-json\/wp\/v2\/pages\/3061\/revisions"}],"predecessor-version":[{"id":5394,"href":"https:\/\/bjerringbroip.dk\/en\/wp-json\/wp\/v2\/pages\/3061\/revisions\/5394"}],"wp:attachment":[{"href":"https:\/\/bjerringbroip.dk\/en\/wp-json\/wp\/v2\/media?parent=3061"}],"curies":[{"name":"wp","href":"https:\/\/api.w.org\/{rel}","templated":true}]}}