{"id":2178,"date":"2025-12-03T11:51:27","date_gmt":"2025-12-03T10:51:27","guid":{"rendered":"https:\/\/bjerringbroip.dk\/?page_id=2178"},"modified":"2026-05-12T13:03:30","modified_gmt":"2026-05-12T11:03:30","slug":"afviklede-events","status":"publish","type":"page","link":"https:\/\/bjerringbroip.dk\/en\/afviklede-events\/","title":{"rendered":"Past events"},"content":{"rendered":"<div data-elementor-type=\"wp-page\" data-elementor-id=\"2178\" class=\"elementor elementor-2178\" data-elementor-post-type=\"page\">\n\t\t\t\t<div class=\"elementor-element elementor-element-undefined-052c994 e-flex e-con-boxed e-con e-parent\" data-id=\"undefined-052c994\" data-element_type=\"container\" data-e-type=\"container\">\n\t\t\t\t\t<div class=\"e-con-inner\">\n\t\t<div class=\"elementor-element elementor-element-undefined-b6210cb e-con-full e-flex e-con e-child\" data-id=\"undefined-b6210cb\" data-element_type=\"container\" data-e-type=\"container\">\n\t\t\t\t<div class=\"elementor-element elementor-element-undefined-ab99d5e elementor-widget elementor-widget-heading\" data-id=\"undefined-ab99d5e\" data-element_type=\"widget\" data-e-type=\"widget\" data-widget_type=\"heading.default\">\n\t\t\t\t<div class=\"elementor-widget-container\">\n\t\t\t\t\t<h5 class=\"elementor-heading-title elementor-size-default\">Where community, experiences and activities meet<\/h5>\t\t\t\t<\/div>\n\t\t\t\t<\/div>\n\t\t\t\t<div class=\"elementor-element elementor-element-undefined-fe23350 elementor-widget elementor-widget-heading\" data-id=\"undefined-fe23350\" data-element_type=\"widget\" data-e-type=\"widget\" data-widget_type=\"heading.default\">\n\t\t\t\t<div class=\"elementor-widget-container\">\n\t\t\t\t\t<h2 class=\"elementor-heading-title elementor-size-default\">SEE WHAT EXCITING EVENTS WE HAVE IN THE HOUSE<\/h2>\t\t\t\t<\/div>\n\t\t\t\t<\/div>\n\t\t\t\t<div class=\"elementor-element elementor-element-undefined-0137b0a elementor-widget elementor-widget-text-editor\" data-id=\"undefined-0137b0a\" data-element_type=\"widget\" data-e-type=\"widget\" data-widget_type=\"text-editor.default\">\n\t\t\t\t<div class=\"elementor-widget-container\">\n\t\t\t\t\t\t\t\t\t<p>Many of our events are recurring - here you can read a little about the different events, see pictures and maybe get inspired.<\/p>\t\t\t\t\t\t\t\t<\/div>\n\t\t\t\t<\/div>\n\t\t\t\t<\/div>\n\t\t<div class=\"elementor-element elementor-element-undefined-8274370 e-con-full e-flex e-con e-child\" data-id=\"undefined-8274370\" data-element_type=\"container\" data-e-type=\"container\">\n\t\t<div class=\"elementor-element elementor-element-undefined-8250a40 e-con-full e-flex e-con e-child\" data-id=\"undefined-8250a40\" data-element_type=\"container\" data-e-type=\"container\">\n\t\t\t\t<div class=\"elementor-element elementor-element-undefined-74d5c11 elementor-widget elementor-widget-image\" data-id=\"undefined-74d5c11\" data-element_type=\"widget\" data-e-type=\"widget\" data-widget_type=\"image.default\">\n\t\t\t\t<div class=\"elementor-widget-container\">\n\t\t\t\t\t\t\t\t\t\t\t\t\t\t\t<img fetchpriority=\"high\" decoding=\"async\" data-attachment-id=\"5735\" data-permalink=\"https:\/\/bjerringbroip.dk\/en\/afviklede-events\/fastelavn\/\" data-orig-file=\"https:\/\/i0.wp.com\/bjerringbroip.dk\/wp-content\/uploads\/2026\/03\/Fastelavn.webp?fit=1024%2C1024&amp;ssl=1\" data-orig-size=\"1024,1024\" data-comments-opened=\"1\" data-image-meta=\"{&quot;aperture&quot;:&quot;0&quot;,&quot;credit&quot;:&quot;&quot;,&quot;camera&quot;:&quot;&quot;,&quot;caption&quot;:&quot;&quot;,&quot;created_timestamp&quot;:&quot;0&quot;,&quot;copyright&quot;:&quot;&quot;,&quot;focal_length&quot;:&quot;0&quot;,&quot;iso&quot;:&quot;0&quot;,&quot;shutter_speed&quot;:&quot;0&quot;,&quot;title&quot;:&quot;&quot;,&quot;orientation&quot;:&quot;1&quot;}\" data-image-title=\"B\u00f8rnedag med leg og fastelavn i Bjerringbro Idr\u00e6ts- &amp;#038; Kulturcenter\" data-image-description=\"&lt;p&gt;B\u00f8rnedag i Bjerringbro Idr\u00e6ts- &amp;#038; Kulturcenter er fyldt med leg, bev\u00e6gelse og gode oplevelser for hele familien. P\u00e5 billedet ses b\u00f8rn i fastelavnskostumer, der leger og hopper p\u00e5 springbanen i idr\u00e6tshallen, mens familier og venner samles til en hyggelig dag med aktiviteter, grin og f\u00e6llesskab. Arrangementet er en del af centerets mange familievenlige events, hvor b\u00f8rn og voksne kan opleve idr\u00e6t, leg og sociale aktiviteter i trygge rammer.&lt;\/p&gt;\" data-image-caption=\"&lt;p&gt;B\u00f8rn i flotte fastelavnskostumer hygger sig p\u00e5 springbanen under B\u00f8rnedag i Bjerringbro Idr\u00e6ts- &amp;#038; Kulturcenter, hvor hallen er fyldt med leg, aktivitet og f\u00e6llesskab.&lt;\/p&gt;\" data-large-file=\"https:\/\/i0.wp.com\/bjerringbroip.dk\/wp-content\/uploads\/2026\/03\/Fastelavn.webp?fit=800%2C800&amp;ssl=1\" width=\"800\" height=\"800\" src=\"https:\/\/i0.wp.com\/bjerringbroip.dk\/wp-content\/uploads\/2026\/03\/Fastelavn.webp?fit=800%2C800&amp;ssl=1\" class=\"attachment-large size-large wp-image-5735\" alt=\"B\u00f8rn i fastelavnskostumer leger og hopper p\u00e5 springbanen i idr\u00e6tshallen til B\u00f8rnedag i Bjerringbro Idr\u00e6ts- &amp; Kulturcenter.\" srcset=\"https:\/\/i0.wp.com\/bjerringbroip.dk\/wp-content\/uploads\/2026\/03\/Fastelavn.webp?w=1024&amp;ssl=1 1024w, https:\/\/i0.wp.com\/bjerringbroip.dk\/wp-content\/uploads\/2026\/03\/Fastelavn.webp?resize=300%2C300&amp;ssl=1 300w, https:\/\/i0.wp.com\/bjerringbroip.dk\/wp-content\/uploads\/2026\/03\/Fastelavn.webp?resize=150%2C150&amp;ssl=1 150w, https:\/\/i0.wp.com\/bjerringbroip.dk\/wp-content\/uploads\/2026\/03\/Fastelavn.webp?resize=768%2C768&amp;ssl=1 768w\" sizes=\"(max-width: 800px) 100vw, 800px\" \/>\t\t\t\t\t\t\t\t\t\t\t\t\t\t\t<\/div>\n\t\t\t\t<\/div>\n\t\t<div class=\"elementor-element elementor-element-undefined-0009e21 e-con-full e-flex e-con e-child\" data-id=\"undefined-0009e21\" data-element_type=\"container\" data-e-type=\"container\">\n\t\t\t\t<div class=\"elementor-element elementor-element-undefined-57818ae elementor-widget elementor-widget-heading\" data-id=\"undefined-57818ae\" data-element_type=\"widget\" data-e-type=\"widget\" data-widget_type=\"heading.default\">\n\t\t\t\t<div class=\"elementor-widget-container\">\n\t\t\t\t\t<h2 class=\"elementor-heading-title elementor-size-default\">Children&#039;s days<\/h2>\t\t\t\t<\/div>\n\t\t\t\t<\/div>\n\t\t\t\t<div class=\"elementor-element elementor-element-undefined-2f9231b elementor-widget elementor-widget-text-editor\" data-id=\"undefined-2f9231b\" data-element_type=\"widget\" data-e-type=\"widget\" data-widget_type=\"text-editor.default\">\n\t\t\t\t<div class=\"elementor-widget-container\">\n\t\t\t\t\t\t\t\t\t<p>During the school holidays we often hold a day with the children in the center. The event is free and has different themes from time to time. Take a look at the beautiful pictures and read more about what we can come up with when we hold a children&#039;s day at Bjerringbro Idr\u00e6ts- &amp; Kulturcenter<\/p>\t\t\t\t\t\t\t\t<\/div>\n\t\t\t\t<\/div>\n\t\t\t\t<\/div>\n\t\t<div class=\"elementor-element elementor-element-undefined-9957bd7 e-con-full e-flex e-con e-child\" data-id=\"undefined-9957bd7\" data-element_type=\"container\" data-e-type=\"container\" data-settings=\"{&quot;background_background&quot;:&quot;classic&quot;}\">\n\t\t\t\t<div class=\"elementor-element elementor-element-undefined-dce7caa elementor-widget__width-auto elementor-widget elementor-widget-button\" data-id=\"undefined-dce7caa\" data-element_type=\"widget\" data-e-type=\"widget\" data-widget_type=\"button.default\">\n\t\t\t\t<div class=\"elementor-widget-container\">\n\t\t\t\t\t\t\t\t\t<div class=\"elementor-button-wrapper\">\n\t\t\t\t\t<a class=\"elementor-button elementor-button-link elementor-size-sm\" href=\"https:\/\/bjerringbroip.dk\/en\/boernedage-event\/\">\n\t\t\t\t\t\t<span class=\"elementor-button-content-wrapper\">\n\t\t\t\t\t\t\t\t\t<span class=\"elementor-button-text\">Read more<\/span>\n\t\t\t\t\t<\/span>\n\t\t\t\t\t<\/a>\n\t\t\t\t<\/div>\n\t\t\t\t\t\t\t\t<\/div>\n\t\t\t\t<\/div>\n\t\t\t\t<\/div>\n\t\t\t\t<\/div>\n\t\t<div class=\"elementor-element elementor-element-undefined-fc459c9 e-con-full e-flex e-con e-child\" data-id=\"undefined-fc459c9\" data-element_type=\"container\" data-e-type=\"container\">\n\t\t\t\t<div class=\"elementor-element elementor-element-undefined-32576de elementor-widget elementor-widget-image\" data-id=\"undefined-32576de\" data-element_type=\"widget\" data-e-type=\"widget\" data-widget_type=\"image.default\">\n\t\t\t\t<div class=\"elementor-widget-container\">\n\t\t\t\t\t\t\t\t\t\t\t\t\t\t\t<img decoding=\"async\" data-attachment-id=\"5739\" data-permalink=\"https:\/\/bjerringbroip.dk\/en\/afviklede-events\/messe\/\" data-orig-file=\"https:\/\/i0.wp.com\/bjerringbroip.dk\/wp-content\/uploads\/2026\/03\/messe.webp?fit=1024%2C1024&amp;ssl=1\" data-orig-size=\"1024,1024\" data-comments-opened=\"1\" data-image-meta=\"{&quot;aperture&quot;:&quot;0&quot;,&quot;credit&quot;:&quot;&quot;,&quot;camera&quot;:&quot;&quot;,&quot;caption&quot;:&quot;&quot;,&quot;created_timestamp&quot;:&quot;0&quot;,&quot;copyright&quot;:&quot;&quot;,&quot;focal_length&quot;:&quot;0&quot;,&quot;iso&quot;:&quot;0&quot;,&quot;shutter_speed&quot;:&quot;0&quot;,&quot;title&quot;:&quot;&quot;,&quot;orientation&quot;:&quot;1&quot;}\" data-image-title=\"Handels- &amp;#038; Familiemesse i Bjerringbro Idr\u00e6ts- &amp;#038; Kulturcenter\" data-image-description=\"\" data-image-caption=\"&lt;p&gt;Stor opbakning til Handels- &amp;#038; Familiemessen i Bjerringbro Idr\u00e6ts- &amp;#038; Kulturcenter, hvor lokale virksomheder, foreninger og bes\u00f8gende m\u00f8des til en dag fyldt med inspiration, aktiviteter og gode samtaler.&lt;\/p&gt;\" data-large-file=\"https:\/\/i0.wp.com\/bjerringbroip.dk\/wp-content\/uploads\/2026\/03\/messe.webp?fit=800%2C800&amp;ssl=1\" width=\"800\" height=\"800\" src=\"https:\/\/i0.wp.com\/bjerringbroip.dk\/wp-content\/uploads\/2026\/03\/messe.webp?fit=800%2C800&amp;ssl=1\" class=\"attachment-large size-large wp-image-5739\" alt=\"Bes\u00f8gende g\u00e5r rundt mellem stande og lokale virksomheder til Handels- &amp; Familiemesse i Bjerringbro Idr\u00e6ts- &amp; Kulturcenter.\" srcset=\"https:\/\/i0.wp.com\/bjerringbroip.dk\/wp-content\/uploads\/2026\/03\/messe.webp?w=1024&amp;ssl=1 1024w, https:\/\/i0.wp.com\/bjerringbroip.dk\/wp-content\/uploads\/2026\/03\/messe.webp?resize=300%2C300&amp;ssl=1 300w, https:\/\/i0.wp.com\/bjerringbroip.dk\/wp-content\/uploads\/2026\/03\/messe.webp?resize=150%2C150&amp;ssl=1 150w, https:\/\/i0.wp.com\/bjerringbroip.dk\/wp-content\/uploads\/2026\/03\/messe.webp?resize=768%2C768&amp;ssl=1 768w\" sizes=\"(max-width: 800px) 100vw, 800px\" \/>\t\t\t\t\t\t\t\t\t\t\t\t\t\t\t<\/div>\n\t\t\t\t<\/div>\n\t\t<div class=\"elementor-element elementor-element-undefined-dd1635f e-con-full e-flex e-con e-child\" data-id=\"undefined-dd1635f\" data-element_type=\"container\" data-e-type=\"container\">\n\t\t\t\t<div class=\"elementor-element elementor-element-undefined-46817e4 elementor-widget elementor-widget-heading\" data-id=\"undefined-46817e4\" data-element_type=\"widget\" data-e-type=\"widget\" data-widget_type=\"heading.default\">\n\t\t\t\t<div class=\"elementor-widget-container\">\n\t\t\t\t\t<h2 class=\"elementor-heading-title elementor-size-default\">Trade &amp; Family Fair<\/h2>\t\t\t\t<\/div>\n\t\t\t\t<\/div>\n\t\t\t\t<div class=\"elementor-element elementor-element-undefined-9fbcdd6 elementor-widget elementor-widget-text-editor\" data-id=\"undefined-9fbcdd6\" data-element_type=\"widget\" data-e-type=\"widget\" data-widget_type=\"text-editor.default\">\n\t\t\t\t<div class=\"elementor-widget-container\">\n\t\t\t\t\t\t\t\t\t<p data-start=\"108\" data-end=\"440\">The Trade &amp; Family Fair is a cozy and lively day where local businesses, associations and visitors meet under one roof. Here you can explore exciting stands, make good deals, taste local products and participate in competitions and activities.<\/p>\t\t\t\t\t\t\t\t<\/div>\n\t\t\t\t<\/div>\n\t\t\t\t<\/div>\n\t\t<div class=\"elementor-element elementor-element-undefined-f67a093 e-con-full e-flex e-con e-child\" data-id=\"undefined-f67a093\" data-element_type=\"container\" data-e-type=\"container\">\n\t\t\t\t<div class=\"elementor-element elementor-element-undefined-3608b83 elementor-widget__width-auto elementor-widget elementor-widget-button\" data-id=\"undefined-3608b83\" data-element_type=\"widget\" data-e-type=\"widget\" data-widget_type=\"button.default\">\n\t\t\t\t<div class=\"elementor-widget-container\">\n\t\t\t\t\t\t\t\t\t<div class=\"elementor-button-wrapper\">\n\t\t\t\t\t<a class=\"elementor-button elementor-button-link elementor-size-sm\" href=\"https:\/\/bjerringbroip.dk\/en\/handels-familiemessen-event\/\">\n\t\t\t\t\t\t<span class=\"elementor-button-content-wrapper\">\n\t\t\t\t\t\t\t\t\t<span class=\"elementor-button-text\">Read more<\/span>\n\t\t\t\t\t<\/span>\n\t\t\t\t\t<\/a>\n\t\t\t\t<\/div>\n\t\t\t\t\t\t\t\t<\/div>\n\t\t\t\t<\/div>\n\t\t\t\t<\/div>\n\t\t\t\t<\/div>\n\t\t<div class=\"elementor-element elementor-element-undefined-70767c5 e-con-full e-flex e-con e-child\" data-id=\"undefined-70767c5\" data-element_type=\"container\" data-e-type=\"container\">\n\t\t\t\t<div class=\"elementor-element elementor-element-undefined-2a0c85d elementor-widget elementor-widget-image\" data-id=\"undefined-2a0c85d\" data-element_type=\"widget\" data-e-type=\"widget\" data-widget_type=\"image.default\">\n\t\t\t\t<div class=\"elementor-widget-container\">\n\t\t\t\t\t\t\t\t\t\t\t\t\t\t\t<img decoding=\"async\" data-attachment-id=\"6362\" data-permalink=\"https:\/\/bjerringbroip.dk\/en\/afviklede-events\/design-uden-navn-85\/\" data-orig-file=\"https:\/\/i0.wp.com\/bjerringbroip.dk\/wp-content\/uploads\/2026\/03\/Design-uden-navn-85.jpg?fit=1024%2C1024&amp;ssl=1\" data-orig-size=\"1024,1024\" data-comments-opened=\"1\" data-image-meta=\"{&quot;aperture&quot;:&quot;0&quot;,&quot;credit&quot;:&quot;&quot;,&quot;camera&quot;:&quot;&quot;,&quot;caption&quot;:&quot;&quot;,&quot;created_timestamp&quot;:&quot;0&quot;,&quot;copyright&quot;:&quot;&quot;,&quot;focal_length&quot;:&quot;0&quot;,&quot;iso&quot;:&quot;0&quot;,&quot;shutter_speed&quot;:&quot;0&quot;,&quot;title&quot;:&quot;&quot;,&quot;orientation&quot;:&quot;1&quot;}\" data-image-title=\"Design uden navn (85)\" data-image-description=\"\" data-image-caption=\"\" data-large-file=\"https:\/\/i0.wp.com\/bjerringbroip.dk\/wp-content\/uploads\/2026\/03\/Design-uden-navn-85.jpg?fit=800%2C800&amp;ssl=1\" width=\"800\" height=\"800\" src=\"https:\/\/i0.wp.com\/bjerringbroip.dk\/wp-content\/uploads\/2026\/03\/Design-uden-navn-85.jpg?fit=800%2C800&amp;ssl=1\" class=\"attachment-large size-large wp-image-6362\" alt=\"\" srcset=\"https:\/\/i0.wp.com\/bjerringbroip.dk\/wp-content\/uploads\/2026\/03\/Design-uden-navn-85.jpg?w=1024&amp;ssl=1 1024w, https:\/\/i0.wp.com\/bjerringbroip.dk\/wp-content\/uploads\/2026\/03\/Design-uden-navn-85.jpg?resize=300%2C300&amp;ssl=1 300w, https:\/\/i0.wp.com\/bjerringbroip.dk\/wp-content\/uploads\/2026\/03\/Design-uden-navn-85.jpg?resize=150%2C150&amp;ssl=1 150w, https:\/\/i0.wp.com\/bjerringbroip.dk\/wp-content\/uploads\/2026\/03\/Design-uden-navn-85.jpg?resize=768%2C768&amp;ssl=1 768w\" sizes=\"(max-width: 800px) 100vw, 800px\" \/>\t\t\t\t\t\t\t\t\t\t\t\t\t\t\t<\/div>\n\t\t\t\t<\/div>\n\t\t<div class=\"elementor-element elementor-element-undefined-abfe33f e-con-full e-flex e-con e-child\" data-id=\"undefined-abfe33f\" data-element_type=\"container\" data-e-type=\"container\">\n\t\t\t\t<div class=\"elementor-element elementor-element-undefined-c58e9c5 elementor-widget elementor-widget-heading\" data-id=\"undefined-c58e9c5\" data-element_type=\"widget\" data-e-type=\"widget\" data-widget_type=\"heading.default\">\n\t\t\t\t<div class=\"elementor-widget-container\">\n\t\t\t\t\t<h2 class=\"elementor-heading-title elementor-size-default\">Bellamy concert 2026<\/h2>\t\t\t\t<\/div>\n\t\t\t\t<\/div>\n\t\t\t\t<div class=\"elementor-element elementor-element-undefined-322ecc6 elementor-widget elementor-widget-text-editor\" data-id=\"undefined-322ecc6\" data-element_type=\"widget\" data-e-type=\"widget\" data-widget_type=\"text-editor.default\">\n\t\t\t\t<div class=\"elementor-widget-container\">\n\t\t\t\t\t\t\t\t\t<p>We regularly hold larger concerts. Here we create the setting for festive evenings with good music, a great atmosphere and lots of community. Whether it&#039;s famous artists or tribute concerts, we make sure you have a fantastic experience and an evening in good company.<\/p>\t\t\t\t\t\t\t\t<\/div>\n\t\t\t\t<\/div>\n\t\t\t\t<\/div>\n\t\t<div class=\"elementor-element elementor-element-undefined-9c2a8e6 e-con-full e-flex e-con e-child\" data-id=\"undefined-9c2a8e6\" data-element_type=\"container\" data-e-type=\"container\">\n\t\t\t\t<div class=\"elementor-element elementor-element-undefined-2b90477 elementor-widget__width-auto elementor-widget elementor-widget-button\" data-id=\"undefined-2b90477\" data-element_type=\"widget\" data-e-type=\"widget\" data-widget_type=\"button.default\">\n\t\t\t\t<div class=\"elementor-widget-container\">\n\t\t\t\t\t\t\t\t\t<div class=\"elementor-button-wrapper\">\n\t\t\t\t\t<a class=\"elementor-button elementor-button-link elementor-size-sm\" href=\"https:\/\/bjerringbroip.dk\/en\/bellami-event\/\">\n\t\t\t\t\t\t<span class=\"elementor-button-content-wrapper\">\n\t\t\t\t\t\t\t\t\t<span class=\"elementor-button-text\">Read more<\/span>\n\t\t\t\t\t<\/span>\n\t\t\t\t\t<\/a>\n\t\t\t\t<\/div>\n\t\t\t\t\t\t\t\t<\/div>\n\t\t\t\t<\/div>\n\t\t\t\t<\/div>\n\t\t\t\t<\/div>\n\t\t\t\t<\/div>\n\t\t\t\t\t<\/div>\n\t\t\t\t<\/div>\n\t\t\t\t<\/div>","protected":false},"excerpt":{"rendered":"<p>Hvor f\u00e6llesskab, oplevelser og aktiviteter m\u00f8des SE HVAD VI HAR HAFT AF SP\u00c6NDENDE EVENTS I HUSET Mange af vores events g\u00e5r igen &#8211; her kan du l\u00e6se lidt om de forskellige events forl\u00f8b, se billeder og m\u00e5ske blive inspireret B\u00f8rnedage I skolernes ferier afholder vi ofte en dag med b\u00f8rnene i centrum. Arrangementet er gratis [&hellip;]<\/p>\n","protected":false},"author":267387165,"featured_media":0,"parent":0,"menu_order":0,"comment_status":"closed","ping_status":"closed","template":"elementor_header_footer","meta":{"_crdt_document":"","advanced_seo_description":"","jetpack_seo_html_title":"","jetpack_seo_noindex":false,"footnotes":""},"class_list":["post-2178","page","type-page","status-publish","hentry"],"jetpack_likes_enabled":true,"jetpack_sharing_enabled":true,"jetpack_shortlink":"https:\/\/wp.me\/PgBMin-z8","jetpack-related-posts":[{"id":2136,"url":"https:\/\/bjerringbroip.dk\/en\/event\/","url_meta":{"origin":2178,"position":0},"title":"Event","author":"Annekathrine","date":"December 3, 2025","format":false,"excerpt":"Event i Bjerringbro Idr\u00e6ts- & Kulturcenter \u00c5ret rundt byder vi p\u00e5 sp\u00e6ndende events for b\u00e5de store og sm\u00e5 Kommende events Se hvad der sker i huset L\u00e6s om de events vi har afviklet Se hvad vi f\u00f8r har afviklet i huset","rel":"","context":"Similar post","block_context":{"text":"Similar post","link":""},"img":{"alt_text":"","src":"","width":0,"height":0},"classes":[]},{"id":7723,"url":"https:\/\/bjerringbroip.dk\/en\/ny-kommende-events\/","url_meta":{"origin":2178,"position":1},"title":"Ny kommende events","author":"Annekathrine","date":"May 12, 2026","format":false,"excerpt":"Events hvor f\u00e6llesskab, oplevelser og aktiviteter m\u00f8des SE HVAD VI HAR AF KOMMENDE EVENTS Vi holder mange forskellige events og vi nyder at fylde centeret og samle byens borgere samt byde udefrakommende velkommen - uden jer var dette ikke muligt. S\u00e5 tak fordi i bakker op! B\u00f8vl \u2013 Et foredrag\u2026","rel":"","context":"Similar post","block_context":{"text":"Similar post","link":""},"img":{"alt_text":"Foredrag med Niels Villemoes","src":"https:\/\/i0.wp.com\/bjerringbroip.dk\/wp-content\/uploads\/2026\/03\/Hjemmeside-format-5.jpg?resize=350%2C200&ssl=1","width":350,"height":200,"srcset":"https:\/\/i0.wp.com\/bjerringbroip.dk\/wp-content\/uploads\/2026\/03\/Hjemmeside-format-5.jpg?resize=350%2C200&ssl=1 1x, https:\/\/i0.wp.com\/bjerringbroip.dk\/wp-content\/uploads\/2026\/03\/Hjemmeside-format-5.jpg?resize=525%2C300&ssl=1 1.5x, https:\/\/i0.wp.com\/bjerringbroip.dk\/wp-content\/uploads\/2026\/03\/Hjemmeside-format-5.jpg?resize=700%2C400&ssl=1 2x"},"classes":[]},{"id":2173,"url":"https:\/\/bjerringbroip.dk\/en\/kommende-events\/","url_meta":{"origin":2178,"position":2},"title":"Upcoming events","author":"Annekathrine","date":"December 3, 2025","format":false,"excerpt":"ARRANGEMENTER I BJERRINGBRO IDR\u00c6TS- & KULTURCENTER Hold dig opdateret p\u00e5 kommende events i Bjerringbro Idr\u00e6ts- & Kulturcenter \u2013 b\u00e5de vores egne arrangementer og sp\u00e6ndende begivenheder fra vores samarbejdspartnere. Her finder du ogs\u00e5 direkte links til billetsalg. Tilmeld dig vores nyhedsbrev B\u00f8vl \u2013 Et foredrag om ledelse med Niels Villemoes Onsdag\u2026","rel":"","context":"Similar post","block_context":{"text":"Similar post","link":""},"img":{"alt_text":"Byens store julefrokost i Bjerringbro","src":"https:\/\/i0.wp.com\/bjerringbroip.dk\/wp-content\/uploads\/2026\/05\/Kopi-af-Hjemmeside-format-1.jpg?resize=350%2C200&ssl=1","width":350,"height":200,"srcset":"https:\/\/i0.wp.com\/bjerringbroip.dk\/wp-content\/uploads\/2026\/05\/Kopi-af-Hjemmeside-format-1.jpg?resize=350%2C200&ssl=1 1x, https:\/\/i0.wp.com\/bjerringbroip.dk\/wp-content\/uploads\/2026\/05\/Kopi-af-Hjemmeside-format-1.jpg?resize=525%2C300&ssl=1 1.5x, https:\/\/i0.wp.com\/bjerringbroip.dk\/wp-content\/uploads\/2026\/05\/Kopi-af-Hjemmeside-format-1.jpg?resize=700%2C400&ssl=1 2x"},"classes":[]},{"id":1668,"url":"https:\/\/bjerringbroip.dk\/en\/haller-og-lokaler\/","url_meta":{"origin":2178,"position":3},"title":"Sports halls &amp; facilities","author":"Annekathrine","date":"November 12, 2025","format":false,"excerpt":"HALLER OG LOKALER I BJERRINGBRO - Hos os er der mulighed for at dyrke meget forskellig sport indend\u00f8rs Festlokaler M\u00f8delokaler Multihallen Fleksible rammer til sport, koncerter og arrangementerI vores store multihal med en kapacitet p\u00e5 op til 549 personer, er der plads til b\u00e5de bev\u00e6gelse og f\u00e6llesskab. Hallen anvendes dagligt\u2026","rel":"","context":"Similar post","block_context":{"text":"Similar post","link":""},"img":{"alt_text":"","src":"","width":0,"height":0},"classes":[]},{"id":6528,"url":"https:\/\/bjerringbroip.dk\/en\/bellami-event\/","url_meta":{"origin":2178,"position":4},"title":"Bellami &#8211; event","author":"Annekathrine","date":"March 16, 2026","format":false,"excerpt":"BELLAMI SATTE GANG I FESTEN I BJERRINGBRO IDR\u00c6TS- & KULTURCENTER Der var smil, f\u00e6llessang og god stemning i hele salen, da Bellami indtog scenen i Bjerringbro Idr\u00e6ts- & Kulturcenter fredag d. 6 februar 2026 og leverede en aften fyldt med Kim Larsen-hits. K\u00f8b billet til d. 5 februar 2027 https:\/\/videos.files.wordpress.com\/OgZ47Urg\/kopi-af-hjemmeside-format.mp4https:\/\/videos.files.wordpress.com\/WpEtrvYq\/kopi-af-hjemmeside-format-1.mp4\u2026","rel":"","context":"Similar post","block_context":{"text":"Similar post","link":""},"img":{"alt_text":"Tapasanretning med pat\u00e9, syltede r\u00f8dl\u00f8g, cornichoner og marinerede gr\u00f8ntsager til Bellami koncert","src":"https:\/\/i0.wp.com\/bjerringbroip.dk\/wp-content\/uploads\/2026\/03\/G.jpg?resize=350%2C200&ssl=1","width":350,"height":200,"srcset":"https:\/\/i0.wp.com\/bjerringbroip.dk\/wp-content\/uploads\/2026\/03\/G.jpg?resize=350%2C200&ssl=1 1x, https:\/\/i0.wp.com\/bjerringbroip.dk\/wp-content\/uploads\/2026\/03\/G.jpg?resize=525%2C300&ssl=1 1.5x, https:\/\/i0.wp.com\/bjerringbroip.dk\/wp-content\/uploads\/2026\/03\/G.jpg?resize=700%2C400&ssl=1 2x"},"classes":[]},{"id":6288,"url":"https:\/\/bjerringbroip.dk\/en\/handels-familiemessen-event\/","url_meta":{"origin":2178,"position":5},"title":"Handels- &#038; familiemessen &#8211; event","author":"Annekathrine","date":"March 12, 2026","format":false,"excerpt":"HANDELS & FAMILIEMESSE I BJERRINGBRO Hvert \u00e5r danner Bjerringbro Idr\u00e6ts- & Kulturcenter rammen om den popul\u00e6re Handels- & Familiemesse, hvor lokale virksomheder, foreninger og bes\u00f8gende m\u00f8des til en dag fyldt med inspiration, oplevelser og gode samtaler.Messen er en hyggelig begivenhed for hele familien, hvor man kan g\u00e5 p\u00e5 opdagelse blandt\u2026","rel":"","context":"Similar post","block_context":{"text":"Similar post","link":""},"img":{"alt_text":"Bes\u00f8gende ved Bamberg Guld, S\u00f8lv, Ure & Living stand p\u00e5 Handels- & Familiemessen i Bjerringbro Idr\u00e6ts- & Kulturcenter","src":"https:\/\/i0.wp.com\/bjerringbroip.dk\/wp-content\/uploads\/2026\/03\/3-4.jpg?resize=350%2C200&ssl=1","width":350,"height":200,"srcset":"https:\/\/i0.wp.com\/bjerringbroip.dk\/wp-content\/uploads\/2026\/03\/3-4.jpg?resize=350%2C200&ssl=1 1x, https:\/\/i0.wp.com\/bjerringbroip.dk\/wp-content\/uploads\/2026\/03\/3-4.jpg?resize=525%2C300&ssl=1 1.5x, https:\/\/i0.wp.com\/bjerringbroip.dk\/wp-content\/uploads\/2026\/03\/3-4.jpg?resize=700%2C400&ssl=1 2x"},"classes":[]}],"_links":{"self":[{"href":"https:\/\/bjerringbroip.dk\/en\/wp-json\/wp\/v2\/pages\/2178","targetHints":{"allow":["GET"]}}],"collection":[{"href":"https:\/\/bjerringbroip.dk\/en\/wp-json\/wp\/v2\/pages"}],"about":[{"href":"https:\/\/bjerringbroip.dk\/en\/wp-json\/wp\/v2\/types\/page"}],"author":[{"embeddable":true,"href":"https:\/\/bjerringbroip.dk\/en\/wp-json\/wp\/v2\/users\/267387165"}],"replies":[{"embeddable":true,"href":"https:\/\/bjerringbroip.dk\/en\/wp-json\/wp\/v2\/comments?post=2178"}],"version-history":[{"count":72,"href":"https:\/\/bjerringbroip.dk\/en\/wp-json\/wp\/v2\/pages\/2178\/revisions"}],"predecessor-version":[{"id":7722,"href":"https:\/\/bjerringbroip.dk\/en\/wp-json\/wp\/v2\/pages\/2178\/revisions\/7722"}],"wp:attachment":[{"href":"https:\/\/bjerringbroip.dk\/en\/wp-json\/wp\/v2\/media?parent=2178"}],"curies":[{"name":"wp","href":"https:\/\/api.w.org\/{rel}","templated":true}]}}