{"id":1441,"date":"2025-11-10T13:47:34","date_gmt":"2025-11-10T12:47:34","guid":{"rendered":"https:\/\/bjerringbroip.dk\/?page_id=1441"},"modified":"2026-03-31T10:19:35","modified_gmt":"2026-03-31T08:19:35","slug":"padel","status":"publish","type":"page","link":"https:\/\/bjerringbroip.dk\/en\/padel\/","title":{"rendered":"Padel"},"content":{"rendered":"\t\t<div data-elementor-type=\"wp-page\" data-elementor-id=\"1441\" class=\"elementor elementor-1441\" data-elementor-post-type=\"page\">\n\t\t\t\t<div class=\"elementor-element elementor-element-1e6d6d0 e-flex e-con-boxed e-con e-parent\" data-id=\"1e6d6d0\" data-element_type=\"container\" data-e-type=\"container\" data-settings=\"{&quot;background_background&quot;:&quot;slideshow&quot;,&quot;background_slideshow_gallery&quot;:[{&quot;id&quot;:1447,&quot;url&quot;:&quot;https:\\\/\\\/bjerringbroip.dk\\\/wp-content\\\/uploads\\\/2025\\\/11\\\/padel-i-Bjerringbro.jpg&quot;}],&quot;background_slideshow_loop&quot;:&quot;yes&quot;,&quot;background_slideshow_slide_duration&quot;:5000,&quot;background_slideshow_slide_transition&quot;:&quot;fade&quot;,&quot;background_slideshow_transition_duration&quot;:500}\">\n\t\t\t\t\t<div class=\"e-con-inner\">\n\t\t<div class=\"elementor-element elementor-element-17a278a e-con-full e-flex e-con e-child\" data-id=\"17a278a\" data-element_type=\"container\" data-e-type=\"container\">\n\t\t\t\t<div class=\"elementor-element elementor-element-faf951e elementor-widget elementor-widget-heading\" data-id=\"faf951e\" data-element_type=\"widget\" data-e-type=\"widget\" data-widget_type=\"heading.default\">\n\t\t\t\t<div class=\"elementor-widget-container\">\n\t\t\t\t\t<h1 class=\"elementor-heading-title elementor-size-default\">PADEL I BJERRINGBRO<\/h1>\t\t\t\t<\/div>\n\t\t\t\t<\/div>\n\t\t\t\t<div class=\"elementor-element elementor-element-78f0c32 elementor-widget elementor-widget-text-editor\" data-id=\"78f0c32\" data-element_type=\"widget\" data-e-type=\"widget\" data-widget_type=\"text-editor.default\">\n\t\t\t\t<div class=\"elementor-widget-container\">\n\t\t\t\t\t\t\t\t\t<p>&#8211; FOR HELE FAMILIEN<\/p>\t\t\t\t\t\t\t\t<\/div>\n\t\t\t\t<\/div>\n\t\t\t\t<div class=\"elementor-element elementor-element-8839e21 elementor-widget elementor-widget-button\" data-id=\"8839e21\" data-element_type=\"widget\" data-e-type=\"widget\" data-widget_type=\"button.default\">\n\t\t\t\t<div class=\"elementor-widget-container\">\n\t\t\t\t\t\t\t\t\t<div class=\"elementor-button-wrapper\">\n\t\t\t\t\t<a class=\"elementor-button elementor-button-link elementor-size-sm\" href=\"https:\/\/bjerringbroip.halbooking.dk\/newlook\/proc_baner.asp\">\n\t\t\t\t\t\t<span class=\"elementor-button-content-wrapper\">\n\t\t\t\t\t\t\t\t\t<span class=\"elementor-button-text\">Book en bane<\/span>\n\t\t\t\t\t<\/span>\n\t\t\t\t\t<\/a>\n\t\t\t\t<\/div>\n\t\t\t\t\t\t\t\t<\/div>\n\t\t\t\t<\/div>\n\t\t\t\t<\/div>\n\t\t\t\t\t<\/div>\n\t\t\t\t<\/div>\n\t\t<div class=\"elementor-element elementor-element-7a5b9fa e-flex e-con-boxed e-con e-parent\" data-id=\"7a5b9fa\" data-element_type=\"container\" data-e-type=\"container\">\n\t\t\t\t\t<div class=\"e-con-inner\">\n\t\t\t\t<div class=\"elementor-element elementor-element-97ed1f1 elementor-widget elementor-widget-spacer\" data-id=\"97ed1f1\" data-element_type=\"widget\" data-e-type=\"widget\" data-widget_type=\"spacer.default\">\n\t\t\t\t<div class=\"elementor-widget-container\">\n\t\t\t\t\t\t\t<div class=\"elementor-spacer\">\n\t\t\t<div class=\"elementor-spacer-inner\"><\/div>\n\t\t<\/div>\n\t\t\t\t\t\t<\/div>\n\t\t\t\t<\/div>\n\t\t\t\t\t<\/div>\n\t\t\t\t<\/div>\n\t\t<div class=\"elementor-element elementor-element-81ab934 e-con-full e-flex e-con e-parent\" data-id=\"81ab934\" data-element_type=\"container\" data-e-type=\"container\" data-settings=\"{&quot;background_background&quot;:&quot;classic&quot;}\">\n\t\t<div class=\"elementor-element elementor-element-8df0063 e-grid e-con-boxed e-con e-child\" data-id=\"8df0063\" data-element_type=\"container\" data-e-type=\"container\">\n\t\t\t\t\t<div class=\"e-con-inner\">\n\t\t<div class=\"elementor-element elementor-element-a6714b5 e-con-full e-flex e-con e-child\" data-id=\"a6714b5\" data-element_type=\"container\" data-e-type=\"container\">\n\t\t\t\t<div class=\"elementor-element elementor-element-cb1279c elementor-widget elementor-widget-heading\" data-id=\"cb1279c\" data-element_type=\"widget\" data-e-type=\"widget\" data-widget_type=\"heading.default\">\n\t\t\t\t<div class=\"elementor-widget-container\">\n\t\t\t\t\t<h2 class=\"elementor-heading-title elementor-size-default\">Spil padel i bjerringbro, n\u00e5r det passer dig<\/h2>\t\t\t\t<\/div>\n\t\t\t\t<\/div>\n\t\t\t\t<div class=\"elementor-element elementor-element-8bdc37c elementor-widget elementor-widget-text-editor\" data-id=\"8bdc37c\" data-element_type=\"widget\" data-e-type=\"widget\" data-widget_type=\"text-editor.default\">\n\t\t\t\t<div class=\"elementor-widget-container\">\n\t\t\t\t\t\t\t\t\t<p data-start=\"239\" data-end=\"327\">Hos Bjerringbro Idr\u00e6ts- &amp; Kulturcenter er det nemt at f\u00e5 sved p\u00e5 panden <br \/>og et smil p\u00e5 l\u00e6ben, lige n\u00e5r det passer dig!<\/p><p data-start=\"239\" data-end=\"327\"><strong>Vores padelhal har \u00e5ben fra kl. 05.00 &#8211; 24.00 alle dage<\/strong><\/p><p data-start=\"373\" data-end=\"398\">S\u00e5dan fungerer det:<\/p><ol data-start=\"399\" data-end=\"579\"><li data-start=\"399\" data-end=\"427\"><p data-start=\"402\" data-end=\"427\">Book en bane online<\/p><\/li><li data-start=\"428\" data-end=\"467\"><p data-start=\"431\" data-end=\"467\">Modtag din adgangskode p\u00e5 mail<\/p><\/li><li data-start=\"468\" data-end=\"579\"><p data-start=\"471\" data-end=\"579\">Tast koden ved indgangen og spil l\u00f8s!<br data-start=\"514\" data-end=\"517\" \/>Adgangskoden virker fra 15 minutter f\u00f8r din spilletid starter.<\/p><\/li><\/ol><p data-start=\"581\" data-end=\"696\">Lyset t\u00e6nder automatisk 5 minutter f\u00f8r din kamp og slukker selv, n\u00e5r spillet er slut, <br \/>nemmere bliver det ikke.<\/p><p data-start=\"698\" data-end=\"877\">Gratis bat og bolde kan l\u00e5nes i hallen. Har du brug for helt nye bolde, kan et r\u00f8r k\u00f8bes for kun 50 kr.<\/p><p data-start=\"698\" data-end=\"877\">Husk at passe godt p\u00e5 udstyret, s\u00e5 har vi alle det sjovt!<\/p><p data-start=\"879\" data-end=\"947\">Omkl\u00e6dningsrum findes ovenp\u00e5 i hallen (tilg\u00e6ngeligt i \u00e5bningstiden).<\/p><p data-start=\"949\" data-end=\"1048\">Og n\u00e5r kampen er slut?<br data-start=\"971\" data-end=\"974\" \/>Nyd en kold sodavand eller \u00f8l fra automaten, du har fortjent det.<\/p><p data-start=\"1050\" data-end=\"1090\"><strong data-start=\"1050\" data-end=\"1090\">God kamp og masser af god energi!\u00a0<\/strong><\/p><p data-start=\"239\" data-end=\"327\">\u00a0<\/p>\t\t\t\t\t\t\t\t<\/div>\n\t\t\t\t<\/div>\n\t\t<div class=\"elementor-element elementor-element-611ce84 e-con-full e-grid e-con e-child\" data-id=\"611ce84\" data-element_type=\"container\" data-e-type=\"container\">\n\t\t\t\t<div class=\"elementor-element elementor-element-24003f9 elementor-widget elementor-widget-button\" data-id=\"24003f9\" data-element_type=\"widget\" data-e-type=\"widget\" data-widget_type=\"button.default\">\n\t\t\t\t<div class=\"elementor-widget-container\">\n\t\t\t\t\t\t\t\t\t<div class=\"elementor-button-wrapper\">\n\t\t\t\t\t<a class=\"elementor-button elementor-button-link elementor-size-sm\" href=\"https:\/\/bjerringbroip.halbooking.dk\/newlook\/proc_baner.asp\">\n\t\t\t\t\t\t<span class=\"elementor-button-content-wrapper\">\n\t\t\t\t\t\t\t\t\t<span class=\"elementor-button-text\">Book en bane her<\/span>\n\t\t\t\t\t<\/span>\n\t\t\t\t\t<\/a>\n\t\t\t\t<\/div>\n\t\t\t\t\t\t\t\t<\/div>\n\t\t\t\t<\/div>\n\t\t\t\t<\/div>\n\t\t\t\t<\/div>\n\t\t<div class=\"elementor-element elementor-element-af7df56 e-grid e-con-full e-con e-child\" data-id=\"af7df56\" data-element_type=\"container\" data-e-type=\"container\">\n\t\t\t\t<div class=\"elementor-element elementor-element-13c3bd0 elementor-widget elementor-widget-image\" data-id=\"13c3bd0\" data-element_type=\"widget\" data-e-type=\"widget\" data-widget_type=\"image.default\">\n\t\t\t\t<div class=\"elementor-widget-container\">\n\t\t\t\t\t\t\t\t\t\t\t\t\t\t\t<img decoding=\"async\" src=\"https:\/\/i0.wp.com\/bjerringbroip.dk\/wp-content\/uploads\/2025\/11\/11.webp?fit=400%2C400&#038;ssl=1\" title=\"Padelbold\" alt=\"Padelbold p\u00e5 padelbane\" loading=\"lazy\" \/>\t\t\t\t\t\t\t\t\t\t\t\t\t\t\t<\/div>\n\t\t\t\t<\/div>\n\t\t\t\t<div class=\"elementor-element elementor-element-fd4cc12 elementor-widget elementor-widget-image\" data-id=\"fd4cc12\" data-element_type=\"widget\" data-e-type=\"widget\" data-widget_type=\"image.default\">\n\t\t\t\t<div class=\"elementor-widget-container\">\n\t\t\t\t\t\t\t\t\t\t\t\t\t\t\t<img decoding=\"async\" src=\"https:\/\/i0.wp.com\/bjerringbroip.dk\/wp-content\/uploads\/2025\/11\/13.webp?fit=400%2C400&#038;ssl=1\" title=\"Padelhal\" alt=\"Padelhal ved Bjerringbro Idr\u00e6ts- &amp; kulturcenter\" loading=\"lazy\" \/>\t\t\t\t\t\t\t\t\t\t\t\t\t\t\t<\/div>\n\t\t\t\t<\/div>\n\t\t\t\t<\/div>\n\t\t\t\t\t<\/div>\n\t\t\t\t<\/div>\n\t\t\t\t<\/div>\n\t\t\t\t<\/div>\n\t\t","protected":false},"excerpt":{"rendered":"<p>PADEL I BJERRINGBRO &#8211; FOR HELE FAMILIEN Book en bane Spil padel i bjerringbro, n\u00e5r det passer dig Hos Bjerringbro Idr\u00e6ts- &amp; Kulturcenter er det nemt at f\u00e5 sved p\u00e5 panden og et smil p\u00e5 l\u00e6ben, lige n\u00e5r det passer dig! Vores padelhal har \u00e5ben fra kl. 05.00 &#8211; 24.00 alle dage S\u00e5dan fungerer det: [&hellip;]<\/p>\n","protected":false},"author":267387165,"featured_media":0,"parent":0,"menu_order":0,"comment_status":"closed","ping_status":"closed","template":"elementor_header_footer","meta":{"_crdt_document":"","advanced_seo_description":"","jetpack_seo_html_title":"","jetpack_seo_noindex":false,"footnotes":""},"class_list":["post-1441","page","type-page","status-publish","hentry"],"jetpack_likes_enabled":true,"jetpack_sharing_enabled":true,"jetpack_shortlink":"https:\/\/wp.me\/PgBMin-nf","jetpack-related-posts":[{"id":6719,"url":"https:\/\/bjerringbroip.dk\/en\/oplevelser-for-hele-familien\/","url_meta":{"origin":1441,"position":0},"title":"Experiences for the whole family","author":"Annekathrine","date":"March 17, 2026","format":false,"excerpt":"OPLEVELSER FOR HELE FAMILIEN - Skr\u00e6ddersy jeres ophold som i \u00f8nsker det\u00a0 Book opholdet her FAMILIEOPHOLD I BJERRINGBRO MED AKTIVITETER FOR ALLE ALDRE N\u00e5r I v\u00e6lger at overnatte i vores hytter i Bjerringbro, f\u00e5r I ikke bare et ophold - I f\u00e5r en oplevelse fyldt med muligheder for hele familien.\u2026","rel":"","context":"Similar post","block_context":{"text":"Similar post","link":""},"img":{"alt_text":"","src":"https:\/\/i0.wp.com\/bjerringbroip.dk\/wp-content\/uploads\/2025\/12\/1-3.webp?resize=350%2C200&ssl=1","width":350,"height":200,"srcset":"https:\/\/i0.wp.com\/bjerringbroip.dk\/wp-content\/uploads\/2025\/12\/1-3.webp?resize=350%2C200&ssl=1 1x, https:\/\/i0.wp.com\/bjerringbroip.dk\/wp-content\/uploads\/2025\/12\/1-3.webp?resize=525%2C300&ssl=1 1.5x, https:\/\/i0.wp.com\/bjerringbroip.dk\/wp-content\/uploads\/2025\/12\/1-3.webp?resize=700%2C400&ssl=1 2x"},"classes":[]},{"id":6625,"url":"https:\/\/bjerringbroip.dk\/en\/golfophold\/","url_meta":{"origin":1441,"position":1},"title":"Golf stays","author":"Annekathrine","date":"March 17, 2026","format":false,"excerpt":"GOLFOPHOLD I HJERTET AF MIDTJYLLAND - Hverdag og weekend Book opholdet her GOLFOPHOLD I MIDTJYLLAND - KOMBINER GOLF OG AFSLAPNING Dr\u00f8mmer du om et golfophold, hvor du kan kombinere gode runder p\u00e5 banen med afslapning og komfort?Hos Bjerringbro Idr\u00e6ts- & Kulturcenter tilbyder vi golfophold, hvor du bor i vores hyggelige\u2026","rel":"","context":"Similar post","block_context":{"text":"Similar post","link":""},"img":{"alt_text":"Golfspillere p\u00e5 Tange S\u00f8 Golfklub spiller p\u00e5 en gr\u00f8n bane n\u00e6r Bjerringbro med golfvogne og flot natur","src":"https:\/\/i0.wp.com\/bjerringbroip.dk\/wp-content\/uploads\/2026\/03\/Hjemmeside-format-11.jpg?resize=350%2C200&ssl=1","width":350,"height":200,"srcset":"https:\/\/i0.wp.com\/bjerringbroip.dk\/wp-content\/uploads\/2026\/03\/Hjemmeside-format-11.jpg?resize=350%2C200&ssl=1 1x, https:\/\/i0.wp.com\/bjerringbroip.dk\/wp-content\/uploads\/2026\/03\/Hjemmeside-format-11.jpg?resize=525%2C300&ssl=1 1.5x, https:\/\/i0.wp.com\/bjerringbroip.dk\/wp-content\/uploads\/2026\/03\/Hjemmeside-format-11.jpg?resize=700%2C400&ssl=1 2x"},"classes":[]},{"id":6768,"url":"https:\/\/bjerringbroip.dk\/en\/gruppeophold\/","url_meta":{"origin":1441,"position":2},"title":"Group stays","author":"Annekathrine","date":"March 17, 2026","format":false,"excerpt":"SAML DEN STORE FAMILIE ELLER VENNERNE TIL OVERNATNING I BJERRINGBRO - Vi har sovepladser til 54 personer og gode faciliteter til alle aldre Book et ophold her Vi tilbyder flere forskellige typer ophold i Bjerringbro Idr\u00e6ts- & Kulturcenter Et ophold hos os er oplagt til at samle hele familien, kollegaerne\u2026","rel":"","context":"Similar post","block_context":{"text":"Similar post","link":""},"img":{"alt_text":"","src":"https:\/\/i0.wp.com\/bjerringbroip.dk\/wp-content\/uploads\/2025\/12\/1-3.webp?resize=350%2C200&ssl=1","width":350,"height":200,"srcset":"https:\/\/i0.wp.com\/bjerringbroip.dk\/wp-content\/uploads\/2025\/12\/1-3.webp?resize=350%2C200&ssl=1 1x, https:\/\/i0.wp.com\/bjerringbroip.dk\/wp-content\/uploads\/2025\/12\/1-3.webp?resize=525%2C300&ssl=1 1.5x, https:\/\/i0.wp.com\/bjerringbroip.dk\/wp-content\/uploads\/2025\/12\/1-3.webp?resize=700%2C400&ssl=1 2x"},"classes":[]},{"id":1584,"url":"https:\/\/bjerringbroip.dk\/en\/udendoers-faciliteter\/","url_meta":{"origin":1441,"position":3},"title":"Outdoor facilities","author":"Annekathrine","date":"November 11, 2025","format":false,"excerpt":"UDEND\u00d8RS FACILITETER - Med plads til mange forskellige aktiviteter Book kunstgr\u00e6sbanen direkte hos os Vores store kunstgr\u00e6sbane kan kun bookes ved at kontakte os p\u00e5 vores egen platform, det er nemt, hurtigt og direkte.Banen kan lejes til b\u00e5de tr\u00e6ning og kampe, p\u00e5 hele og halve klokketimer.KampbookingSenior, U19, U17 \u2013 11-mandskampe:\u25aa\u2026","rel":"","context":"Similar post","block_context":{"text":"Similar post","link":""},"img":{"alt_text":"","src":"","width":0,"height":0},"classes":[]},{"id":2790,"url":"https:\/\/bjerringbroip.dk\/en\/langtidsleje\/","url_meta":{"origin":1441,"position":4},"title":"Long term stays","author":"Annekathrine","date":"December 16, 2025","format":false,"excerpt":"VI TILBYDER LANGTIDSLEJE I VORES HYTTER I BJERRINGBRO - B\u00e5de kortere og l\u00e6ngere ophold Book en hytte Overnatning for h\u00e5ndv\u00e6rkere, mont\u00f8rer og andre der har brug for l\u00e6ngere ophold Leder du efter en praktisk og prisvenlig overnatningsl\u00f8sning i forbindelse med arbejde i omr\u00e5det?Hos Bjerringbro Idr\u00e6ts- & Kulturcenter tilbyder vi komfortable\u2026","rel":"","context":"Similar post","block_context":{"text":"Similar post","link":""},"img":{"alt_text":"","src":"https:\/\/i0.wp.com\/bjerringbroip.dk\/wp-content\/uploads\/2025\/12\/1-3.webp?resize=350%2C200&ssl=1","width":350,"height":200,"srcset":"https:\/\/i0.wp.com\/bjerringbroip.dk\/wp-content\/uploads\/2025\/12\/1-3.webp?resize=350%2C200&ssl=1 1x, https:\/\/i0.wp.com\/bjerringbroip.dk\/wp-content\/uploads\/2025\/12\/1-3.webp?resize=525%2C300&ssl=1 1.5x, https:\/\/i0.wp.com\/bjerringbroip.dk\/wp-content\/uploads\/2025\/12\/1-3.webp?resize=700%2C400&ssl=1 2x"},"classes":[]},{"id":2507,"url":"https:\/\/bjerringbroip.dk\/en\/ferieophold\/","url_meta":{"origin":1441,"position":5},"title":"Ferieophold","author":"Annekathrine","date":"December 10, 2025","format":false,"excerpt":"OVERNATNING I HYGGELIGE HYTTER I BJERRINGBRO - FOR HELE FAMILIEN Book et ophold her Vi tilbyder flere forskellige typer ophold i Bjerringbro idr\u00e6ts- & Kulturcenter Rejser du som familie, par eller i forbindelse med arbejde?\u00a0Hos Bjerringbro Idr\u00e6ts- & Kulturcenter f\u00e5r du det hele samlet \u00e9t sted - uanset om du\u2026","rel":"","context":"Similar post","block_context":{"text":"Similar post","link":""},"img":{"alt_text":"Tapasbox med udvalg af oste, charcuteri, sliders, croissanter med salat, pesto, n\u00f8dder og friske gr\u00f8ntsager","src":"https:\/\/i0.wp.com\/bjerringbroip.dk\/wp-content\/uploads\/2026\/03\/Hjemmeside-format-16.jpg?resize=350%2C200&ssl=1","width":350,"height":200,"srcset":"https:\/\/i0.wp.com\/bjerringbroip.dk\/wp-content\/uploads\/2026\/03\/Hjemmeside-format-16.jpg?resize=350%2C200&ssl=1 1x, https:\/\/i0.wp.com\/bjerringbroip.dk\/wp-content\/uploads\/2026\/03\/Hjemmeside-format-16.jpg?resize=525%2C300&ssl=1 1.5x, https:\/\/i0.wp.com\/bjerringbroip.dk\/wp-content\/uploads\/2026\/03\/Hjemmeside-format-16.jpg?resize=700%2C400&ssl=1 2x"},"classes":[]}],"_links":{"self":[{"href":"https:\/\/bjerringbroip.dk\/en\/wp-json\/wp\/v2\/pages\/1441","targetHints":{"allow":["GET"]}}],"collection":[{"href":"https:\/\/bjerringbroip.dk\/en\/wp-json\/wp\/v2\/pages"}],"about":[{"href":"https:\/\/bjerringbroip.dk\/en\/wp-json\/wp\/v2\/types\/page"}],"author":[{"embeddable":true,"href":"https:\/\/bjerringbroip.dk\/en\/wp-json\/wp\/v2\/users\/267387165"}],"replies":[{"embeddable":true,"href":"https:\/\/bjerringbroip.dk\/en\/wp-json\/wp\/v2\/comments?post=1441"}],"version-history":[{"count":77,"href":"https:\/\/bjerringbroip.dk\/en\/wp-json\/wp\/v2\/pages\/1441\/revisions"}],"predecessor-version":[{"id":7363,"href":"https:\/\/bjerringbroip.dk\/en\/wp-json\/wp\/v2\/pages\/1441\/revisions\/7363"}],"wp:attachment":[{"href":"https:\/\/bjerringbroip.dk\/en\/wp-json\/wp\/v2\/media?parent=1441"}],"curies":[{"name":"wp","href":"https:\/\/api.w.org\/{rel}","templated":true}]}}